{"id":41,"date":"2025-01-09T09:33:43","date_gmt":"2025-01-09T08:33:43","guid":{"rendered":"https:\/\/helplevente.com\/en\/?page_id=41"},"modified":"2025-01-09T09:34:01","modified_gmt":"2025-01-09T08:34:01","slug":"imprint","status":"publish","type":"page","link":"https:\/\/helplevente.com\/en\/imprint\/","title":{"rendered":"Imprint"},"content":{"rendered":"<h2>The website is operated by:<\/h2>\n<p><strong>LEVENTE IZOMREM\u00c9NY ALAP\u00cdTV\u00c1NY \/ LEVENTE MUSCLE HOPE FOUNDATION<\/strong><br \/>\nRegistration Number: 01-010013729<br \/>\nTax Number: 19404419-1-42<br \/>\nAccount Name: LEVENTE IZOMREM\u00c9NY ALAP\u00cdTV\u00c1NY<br \/>\nBank Account Number: OTP BANK 11710088-21470831<br \/>\nIBAN: HU59 1171 0088 2147 0831 0000 0000<br \/>\nBIC (SWIFT): OTPVHUHB<br \/>\nWebsite: <a href=\"http:\/\/helplevente.com\" target=\"_new\" rel=\"noopener\">helplevente.com<\/a><br \/>\nE-mail: <a rel=\"noopener\">muscularhope@gmail.com<\/a><br \/>\nPhone: +36 70 945 1165, +36 70 338 7852<\/p>\n<p><strong>Hosting Provider:<\/strong><br \/>\n<strong>OVHcloud Customer Service<\/strong><br \/>\nMonday to Friday, 9am to 6pm<br \/>\n+353 (0) 1 691 72 83<br \/>\n<a href=\"https:\/\/www.ovhcloud.com\/en-ie\/\" target=\"_new\" rel=\"noopener\">https:\/\/www.ovhcloud.com\/en-ie\/<\/a><\/p>\n<p><strong>Website Maintenance:<\/strong><br \/>\n<strong>Telesto Online Media<\/strong><br \/>\n<a href=\"http:\/\/www.telesto.hu\" target=\"_new\" rel=\"noopener\">www.telesto.hu<\/a><br \/>\n<a rel=\"noopener\">info@telesto.hu<\/a><br \/>\n1142 Budapest, S\u00e1rk\u00f6z u. 5\/b<\/p>\n","protected":false},"excerpt":{"rendered":"<p>The website is operated by: LEVENTE IZOMREM\u00c9NY ALAP\u00cdTV\u00c1NY \/ LEVENTE MUSCLE HOPE FOUNDATION Registration Number: 01-010013729 Tax Number: 19404419-1-42 Account Name: LEVENTE IZOMREM\u00c9NY ALAP\u00cdTV\u00c1NY Bank Account Number: OTP BANK 11710088-21470831 IBAN: HU59 1171 0088 2147 0831 0000 0000 BIC (SWIFT): OTPVHUHB Website: helplevente.com E-mail: muscularhope@gmail.com Phone: +36 70 945 1165, +36 70 338 7852 Hosting [&hellip;]<\/p>\n","protected":false},"author":1,"featured_media":0,"parent":0,"menu_order":0,"comment_status":"closed","ping_status":"closed","template":"","meta":{"give_campaign_id":0,"_et_pb_use_builder":"","_et_pb_old_content":"","_et_gb_content_width":"","footnotes":""},"class_list":["post-41","page","type-page","status-publish","hentry"],"campaignId":"","_links":{"self":[{"href":"https:\/\/helplevente.com\/en\/wp-json\/wp\/v2\/pages\/41","targetHints":{"allow":["GET"]}}],"collection":[{"href":"https:\/\/helplevente.com\/en\/wp-json\/wp\/v2\/pages"}],"about":[{"href":"https:\/\/helplevente.com\/en\/wp-json\/wp\/v2\/types\/page"}],"author":[{"embeddable":true,"href":"https:\/\/helplevente.com\/en\/wp-json\/wp\/v2\/users\/1"}],"replies":[{"embeddable":true,"href":"https:\/\/helplevente.com\/en\/wp-json\/wp\/v2\/comments?post=41"}],"version-history":[{"count":1,"href":"https:\/\/helplevente.com\/en\/wp-json\/wp\/v2\/pages\/41\/revisions"}],"predecessor-version":[{"id":42,"href":"https:\/\/helplevente.com\/en\/wp-json\/wp\/v2\/pages\/41\/revisions\/42"}],"wp:attachment":[{"href":"https:\/\/helplevente.com\/en\/wp-json\/wp\/v2\/media?parent=41"}],"curies":[{"name":"wp","href":"https:\/\/api.w.org\/{rel}","templated":true}]}}